{"id":8332,"date":"2023-12-09T18:04:57","date_gmt":"2023-12-09T18:04:57","guid":{"rendered":"https:\/\/gasfree.com.tr\/?page_id=8332"},"modified":"2024-03-03T20:09:15","modified_gmt":"2024-03-03T20:09:15","slug":"gazdan-arindirma-servisi","status":"publish","type":"page","link":"https:\/\/gasfree.com.tr\/tr\/gazdan-arindirma-servisi\/","title":{"rendered":"Gazdan Ar\u0131nd\u0131rma Servisi"},"content":{"rendered":"\t\t<div data-elementor-type=\"wp-page\" data-elementor-id=\"8332\" class=\"elementor elementor-8332\">\n\t\t\t\t\t\t\t\t\t<section class=\"elementor-section elementor-top-section elementor-element elementor-element-67752ef elementor-section-stretched elementor-section-height-min-height elementor-section-boxed elementor-section-height-default elementor-section-items-middle\" data-id=\"67752ef\" data-element_type=\"section\" data-settings=\"{&quot;stretch_section&quot;:&quot;section-stretched&quot;,&quot;background_background&quot;:&quot;classic&quot;,&quot;shape_divider_bottom&quot;:&quot;arrow&quot;}\">\n\t\t\t\t\t\t\t<div class=\"elementor-background-overlay\"><\/div>\n\t\t\t\t\t\t<div class=\"elementor-shape elementor-shape-bottom\" data-negative=\"false\">\n\t\t\t<svg xmlns=\"http:\/\/www.w3.org\/2000\/svg\" viewBox=\"0 0 700 10\" preserveAspectRatio=\"none\">\n\t<path class=\"elementor-shape-fill\" d=\"M350,10L340,0h20L350,10z\"\/>\n<\/svg>\t\t<\/div>\n\t\t\t\t\t<div class=\"elementor-container elementor-column-gap-default\">\n\t\t\t\t\t<div class=\"elementor-column elementor-col-50 elementor-top-column elementor-element elementor-element-de34a19\" data-id=\"de34a19\" data-element_type=\"column\" data-settings=\"{&quot;avante_ext_is_scrollme&quot;:&quot;false&quot;,&quot;avante_ext_is_smoove&quot;:&quot;false&quot;,&quot;avante_ext_is_parallax_mouse&quot;:&quot;false&quot;,&quot;avante_ext_is_infinite&quot;:&quot;false&quot;,&quot;avante_ext_link_sidemenu&quot;:&quot;false&quot;}\">\n\t\t\t<div class=\"elementor-widget-wrap elementor-element-populated\">\n\t\t\t\t\t\t\t\t<div class=\"elementor-element elementor-element-15d99b5 elementor-widget elementor-widget-spacer\" data-id=\"15d99b5\" data-element_type=\"widget\" data-settings=\"{&quot;avante_ext_is_scrollme&quot;:&quot;false&quot;,&quot;avante_ext_is_smoove&quot;:&quot;false&quot;,&quot;avante_ext_is_parallax_mouse&quot;:&quot;false&quot;,&quot;avante_ext_is_infinite&quot;:&quot;false&quot;,&quot;avante_ext_link_sidemenu&quot;:&quot;false&quot;}\" data-widget_type=\"spacer.default\">\n\t\t\t\t<div class=\"elementor-widget-container\">\n\t\t\t<style>\/*! elementor - v3.6.0 - 21-03-2022 *\/\n.e-container.e-container--row .elementor-spacer-inner{width:var(--spacer-size)}.e-container.e-container--column .elementor-spacer-inner,.elementor-column .elementor-spacer-inner{height:var(--spacer-size)}<\/style>\t\t<div class=\"elementor-spacer\">\n\t\t\t<div class=\"elementor-spacer-inner\"><\/div>\n\t\t<\/div>\n\t\t\t\t<\/div>\n\t\t\t\t<\/div>\n\t\t\t\t<div class=\"elementor-element elementor-element-b8a9c8e elementor-widget__width-auto elementor-widget-mobile__width-inherit elementor-widget elementor-widget-heading\" data-id=\"b8a9c8e\" data-element_type=\"widget\" data-settings=\"{&quot;avante_ext_is_scrollme&quot;:&quot;false&quot;,&quot;avante_ext_is_parallax_mouse&quot;:&quot;false&quot;,&quot;avante_ext_is_infinite&quot;:&quot;false&quot;,&quot;avante_ext_link_sidemenu&quot;:&quot;false&quot;}\" data-widget_type=\"heading.default\">\n\t\t\t\t<div class=\"elementor-widget-container\">\n\t\t\t<style>\/*! elementor - v3.6.0 - 21-03-2022 *\/\n.elementor-heading-title{padding:0;margin:0;line-height:1}.elementor-widget-heading .elementor-heading-title[class*=elementor-size-]>a{color:inherit;font-size:inherit;line-height:inherit}.elementor-widget-heading .elementor-heading-title.elementor-size-small{font-size:15px}.elementor-widget-heading .elementor-heading-title.elementor-size-medium{font-size:19px}.elementor-widget-heading .elementor-heading-title.elementor-size-large{font-size:29px}.elementor-widget-heading .elementor-heading-title.elementor-size-xl{font-size:39px}.elementor-widget-heading .elementor-heading-title.elementor-size-xxl{font-size:59px}<\/style><h1 class=\"elementor-heading-title elementor-size-default\">Gazdan Ar\u0131nd\u0131rma Servisi<\/h1>\t\t<\/div>\n\t\t\t\t<\/div>\n\t\t\t\t\t<\/div>\n\t\t<\/div>\n\t\t\t\t<div class=\"elementor-column elementor-col-50 elementor-top-column elementor-element elementor-element-3acca92\" data-id=\"3acca92\" data-element_type=\"column\" data-settings=\"{&quot;avante_ext_is_scrollme&quot;:&quot;false&quot;,&quot;avante_ext_is_smoove&quot;:&quot;false&quot;,&quot;avante_ext_is_parallax_mouse&quot;:&quot;false&quot;,&quot;avante_ext_is_infinite&quot;:&quot;false&quot;,&quot;avante_ext_link_sidemenu&quot;:&quot;false&quot;}\">\n\t\t\t<div class=\"elementor-widget-wrap\">\n\t\t\t\t\t\t\t\t\t<\/div>\n\t\t<\/div>\n\t\t\t\t\t\t\t<\/div>\n\t\t<\/section>\n\t\t\t\t<section class=\"elementor-section elementor-top-section elementor-element elementor-element-4745f4c elementor-section-boxed elementor-section-height-default elementor-section-height-default\" data-id=\"4745f4c\" data-element_type=\"section\">\n\t\t\t\t\t\t<div class=\"elementor-container elementor-column-gap-default\">\n\t\t\t\t\t<div class=\"elementor-column elementor-col-33 elementor-top-column elementor-element elementor-element-9b22dcb\" data-id=\"9b22dcb\" data-element_type=\"column\" data-settings=\"{&quot;avante_ext_is_scrollme&quot;:&quot;false&quot;,&quot;avante_ext_is_smoove&quot;:&quot;false&quot;,&quot;avante_ext_is_parallax_mouse&quot;:&quot;false&quot;,&quot;avante_ext_is_infinite&quot;:&quot;false&quot;,&quot;avante_ext_link_sidemenu&quot;:&quot;false&quot;}\">\n\t\t\t<div class=\"elementor-widget-wrap elementor-element-populated\">\n\t\t\t\t\t\t\t\t<div class=\"elementor-element elementor-element-c9f8262 elementor-widget elementor-widget-heading\" data-id=\"c9f8262\" data-element_type=\"widget\" data-settings=\"{&quot;avante_ext_is_scrollme&quot;:&quot;false&quot;,&quot;avante_ext_is_smoove&quot;:&quot;false&quot;,&quot;avante_ext_is_parallax_mouse&quot;:&quot;false&quot;,&quot;avante_ext_is_infinite&quot;:&quot;false&quot;,&quot;avante_ext_link_sidemenu&quot;:&quot;false&quot;}\" data-widget_type=\"heading.default\">\n\t\t\t\t<div class=\"elementor-widget-container\">\n\t\t\t<h2 class=\"elementor-heading-title elementor-size-default\">Sekt\u00f6rlerimiz<\/h2>\t\t<\/div>\n\t\t\t\t<\/div>\n\t\t\t\t<div class=\"elementor-element elementor-element-6247688 elementor-icon-list--layout-traditional elementor-list-item-link-full_width elementor-widget elementor-widget-icon-list\" data-id=\"6247688\" data-element_type=\"widget\" data-settings=\"{&quot;avante_ext_is_scrollme&quot;:&quot;false&quot;,&quot;avante_ext_is_smoove&quot;:&quot;false&quot;,&quot;avante_ext_is_parallax_mouse&quot;:&quot;false&quot;,&quot;avante_ext_is_infinite&quot;:&quot;false&quot;,&quot;avante_ext_link_sidemenu&quot;:&quot;false&quot;}\" data-widget_type=\"icon-list.default\">\n\t\t\t\t<div class=\"elementor-widget-container\">\n\t\t\t<style>\/*! elementor - v3.6.0 - 21-03-2022 *\/\n.elementor-widget.elementor-icon-list--layout-inline .elementor-widget-container{overflow:hidden}.elementor-widget .elementor-icon-list-items.elementor-inline-items{margin-right:-8px;margin-left:-8px}.elementor-widget .elementor-icon-list-items.elementor-inline-items .elementor-icon-list-item{margin-right:8px;margin-left:8px}.elementor-widget .elementor-icon-list-items.elementor-inline-items .elementor-icon-list-item:after{width:auto;left:auto;right:auto;position:relative;height:100%;border-top:0;border-bottom:0;border-right:0;border-left-width:1px;border-style:solid;right:-8px}.elementor-widget .elementor-icon-list-items{list-style-type:none;margin:0;padding:0}.elementor-widget .elementor-icon-list-item{margin:0;padding:0;position:relative}.elementor-widget .elementor-icon-list-item:after{position:absolute;bottom:0;width:100%}.elementor-widget .elementor-icon-list-item,.elementor-widget .elementor-icon-list-item a{display:-webkit-box;display:-ms-flexbox;display:flex;-webkit-box-align:center;-ms-flex-align:center;align-items:center;font-size:inherit}.elementor-widget .elementor-icon-list-icon+.elementor-icon-list-text{-ms-flex-item-align:center;align-self:center;padding-left:5px}.elementor-widget .elementor-icon-list-icon{display:-webkit-box;display:-ms-flexbox;display:flex}.elementor-widget .elementor-icon-list-icon svg{width:var(--e-icon-list-icon-size,1em);height:var(--e-icon-list-icon-size,1em)}.elementor-widget .elementor-icon-list-icon i{width:1.25em;font-size:var(--e-icon-list-icon-size)}.elementor-widget.elementor-widget-icon-list .elementor-icon-list-icon{text-align:var(--e-icon-list-icon-align)}.elementor-widget.elementor-widget-icon-list .elementor-icon-list-icon svg{margin:var(--e-icon-list-icon-margin,0 calc(var(--e-icon-list-icon-size, 1em) * .25) 0 0)}.elementor-widget.elementor-list-item-link-full_width a{width:100%}.elementor-widget.elementor-align-center .elementor-icon-list-item,.elementor-widget.elementor-align-center .elementor-icon-list-item a{-webkit-box-pack:center;-ms-flex-pack:center;justify-content:center}.elementor-widget.elementor-align-center .elementor-icon-list-item:after{margin:auto}.elementor-widget.elementor-align-center .elementor-inline-items{-webkit-box-pack:center;-ms-flex-pack:center;justify-content:center}.elementor-widget.elementor-align-left .elementor-icon-list-item,.elementor-widget.elementor-align-left .elementor-icon-list-item a{-webkit-box-pack:start;-ms-flex-pack:start;justify-content:flex-start;text-align:left}.elementor-widget.elementor-align-left .elementor-inline-items{-webkit-box-pack:start;-ms-flex-pack:start;justify-content:flex-start}.elementor-widget.elementor-align-right .elementor-icon-list-item,.elementor-widget.elementor-align-right .elementor-icon-list-item a{-webkit-box-pack:end;-ms-flex-pack:end;justify-content:flex-end;text-align:right}.elementor-widget.elementor-align-right .elementor-icon-list-items{-webkit-box-pack:end;-ms-flex-pack:end;justify-content:flex-end}.elementor-widget:not(.elementor-align-right) .elementor-icon-list-item:after{left:0}.elementor-widget:not(.elementor-align-left) .elementor-icon-list-item:after{right:0}@media (max-width:1024px){.elementor-widget.elementor-tablet-align-center .elementor-icon-list-item,.elementor-widget.elementor-tablet-align-center .elementor-icon-list-item a,.elementor-widget.elementor-tablet-align-center .elementor-icon-list-items{-webkit-box-pack:center;-ms-flex-pack:center;justify-content:center}.elementor-widget.elementor-tablet-align-center .elementor-icon-list-item:after{margin:auto}.elementor-widget.elementor-tablet-align-left .elementor-icon-list-items{-webkit-box-pack:start;-ms-flex-pack:start;justify-content:flex-start}.elementor-widget.elementor-tablet-align-left .elementor-icon-list-item,.elementor-widget.elementor-tablet-align-left .elementor-icon-list-item a{-webkit-box-pack:start;-ms-flex-pack:start;justify-content:flex-start;text-align:left}.elementor-widget.elementor-tablet-align-right .elementor-icon-list-items{-webkit-box-pack:end;-ms-flex-pack:end;justify-content:flex-end}.elementor-widget.elementor-tablet-align-right .elementor-icon-list-item,.elementor-widget.elementor-tablet-align-right .elementor-icon-list-item a{-webkit-box-pack:end;-ms-flex-pack:end;justify-content:flex-end;text-align:right}.elementor-widget:not(.elementor-tablet-align-right) .elementor-icon-list-item:after{left:0}.elementor-widget:not(.elementor-tablet-align-left) .elementor-icon-list-item:after{right:0}}@media (max-width:767px){.elementor-widget.elementor-mobile-align-center .elementor-icon-list-item,.elementor-widget.elementor-mobile-align-center .elementor-icon-list-item a,.elementor-widget.elementor-mobile-align-center .elementor-icon-list-items{-webkit-box-pack:center;-ms-flex-pack:center;justify-content:center}.elementor-widget.elementor-mobile-align-center .elementor-icon-list-item:after{margin:auto}.elementor-widget.elementor-mobile-align-left .elementor-icon-list-items{-webkit-box-pack:start;-ms-flex-pack:start;justify-content:flex-start}.elementor-widget.elementor-mobile-align-left .elementor-icon-list-item,.elementor-widget.elementor-mobile-align-left .elementor-icon-list-item a{-webkit-box-pack:start;-ms-flex-pack:start;justify-content:flex-start;text-align:left}.elementor-widget.elementor-mobile-align-right .elementor-icon-list-items{-webkit-box-pack:end;-ms-flex-pack:end;justify-content:flex-end}.elementor-widget.elementor-mobile-align-right .elementor-icon-list-item,.elementor-widget.elementor-mobile-align-right .elementor-icon-list-item a{-webkit-box-pack:end;-ms-flex-pack:end;justify-content:flex-end;text-align:right}.elementor-widget:not(.elementor-mobile-align-right) .elementor-icon-list-item:after{left:0}.elementor-widget:not(.elementor-mobile-align-left) .elementor-icon-list-item:after{right:0}}<\/style>\t\t<ul class=\"elementor-icon-list-items\">\n\t\t\t\t\t\t\t<li class=\"elementor-icon-list-item\">\n\t\t\t\t\t\t\t\t\t\t\t<a href=\"https:\/\/gasfree.com.tr\/tr\/gemi-tamir-ve-bakimi\/\">\n\n\t\t\t\t\t\t\t\t\t\t\t\t<span class=\"elementor-icon-list-icon\">\n\t\t\t\t\t\t\t<i aria-hidden=\"true\" class=\"fas fa-check\"><\/i>\t\t\t\t\t\t<\/span>\n\t\t\t\t\t\t\t\t\t\t<span class=\"elementor-icon-list-text\">Gemi Tamir ve Bak\u0131m\u0131<\/span>\n\t\t\t\t\t\t\t\t\t\t\t<\/a>\n\t\t\t\t\t\t\t\t\t<\/li>\n\t\t\t\t\t\t\t\t<li class=\"elementor-icon-list-item\">\n\t\t\t\t\t\t\t\t\t\t\t<a href=\"https:\/\/gasfree.com.tr\/tr\/gas-free-tank-temizligi-demucking\/\">\n\n\t\t\t\t\t\t\t\t\t\t\t\t<span class=\"elementor-icon-list-icon\">\n\t\t\t\t\t\t\t<i aria-hidden=\"true\" class=\"fas fa-check\"><\/i>\t\t\t\t\t\t<\/span>\n\t\t\t\t\t\t\t\t\t\t<span class=\"elementor-icon-list-text\">Gas Free Tank Temizli\u011fi<\/span>\n\t\t\t\t\t\t\t\t\t\t\t<\/a>\n\t\t\t\t\t\t\t\t\t<\/li>\n\t\t\t\t\t\t\t\t<li class=\"elementor-icon-list-item\">\n\t\t\t\t\t\t\t\t\t\t\t<a href=\"https:\/\/gasfree.com.tr\/tr\/raspa-ve-boya-uygulamalari\/\">\n\n\t\t\t\t\t\t\t\t\t\t\t\t<span class=\"elementor-icon-list-icon\">\n\t\t\t\t\t\t\t<i aria-hidden=\"true\" class=\"fas fa-check\"><\/i>\t\t\t\t\t\t<\/span>\n\t\t\t\t\t\t\t\t\t\t<span class=\"elementor-icon-list-text\">Raspa ve Boya Uygulamalar\u0131<\/span>\n\t\t\t\t\t\t\t\t\t\t\t<\/a>\n\t\t\t\t\t\t\t\t\t<\/li>\n\t\t\t\t\t\t\t\t<li class=\"elementor-icon-list-item\">\n\t\t\t\t\t\t\t\t\t\t\t<a href=\"https:\/\/gasfree.com.tr\/tr\/gazdan-arindirma-servisi\/\">\n\n\t\t\t\t\t\t\t\t\t\t\t\t<span class=\"elementor-icon-list-icon\">\n\t\t\t\t\t\t\t<i aria-hidden=\"true\" class=\"fas fa-check\"><\/i>\t\t\t\t\t\t<\/span>\n\t\t\t\t\t\t\t\t\t\t<span class=\"elementor-icon-list-text\"><b>Gazdan Ar\u0131nd\u0131rma Servisi<\/b><\/span>\n\t\t\t\t\t\t\t\t\t\t\t<\/a>\n\t\t\t\t\t\t\t\t\t<\/li>\n\t\t\t\t\t\t\t\t<li class=\"elementor-icon-list-item\">\n\t\t\t\t\t\t\t\t\t\t\t<a href=\"https:\/\/gasfree.com.tr\/tr\/gasfree-olcum-raporu\/\">\n\n\t\t\t\t\t\t\t\t\t\t\t\t<span class=\"elementor-icon-list-icon\">\n\t\t\t\t\t\t\t<i aria-hidden=\"true\" class=\"fas fa-check\"><\/i>\t\t\t\t\t\t<\/span>\n\t\t\t\t\t\t\t\t\t\t<span class=\"elementor-icon-list-text\">Gasfree \u00d6l\u00e7\u00fcm Raporu<\/span>\n\t\t\t\t\t\t\t\t\t\t\t<\/a>\n\t\t\t\t\t\t\t\t\t<\/li>\n\t\t\t\t\t\t\t\t<li class=\"elementor-icon-list-item\">\n\t\t\t\t\t\t\t\t\t\t\t<a href=\"https:\/\/gasfree.com.tr\/tr\/dusuk-ve-yuksek-basincli-yikama\/\">\n\n\t\t\t\t\t\t\t\t\t\t\t\t<span class=\"elementor-icon-list-icon\">\n\t\t\t\t\t\t\t<i aria-hidden=\"true\" class=\"fas fa-check\"><\/i>\t\t\t\t\t\t<\/span>\n\t\t\t\t\t\t\t\t\t\t<span class=\"elementor-icon-list-text\">D\u00fc\u015f\u00fck \/ Y\u00fcksek Bas\u0131n\u00e7l\u0131 Y\u0131kama<\/span>\n\t\t\t\t\t\t\t\t\t\t\t<\/a>\n\t\t\t\t\t\t\t\t\t<\/li>\n\t\t\t\t\t\t<\/ul>\n\t\t\t\t<\/div>\n\t\t\t\t<\/div>\n\t\t\t\t\t<\/div>\n\t\t<\/div>\n\t\t\t\t<div class=\"elementor-column elementor-col-66 elementor-top-column elementor-element elementor-element-182952f\" data-id=\"182952f\" data-element_type=\"column\" data-settings=\"{&quot;avante_ext_is_scrollme&quot;:&quot;false&quot;,&quot;avante_ext_is_smoove&quot;:&quot;false&quot;,&quot;avante_ext_is_parallax_mouse&quot;:&quot;false&quot;,&quot;avante_ext_is_infinite&quot;:&quot;false&quot;,&quot;avante_ext_link_sidemenu&quot;:&quot;false&quot;}\">\n\t\t\t<div class=\"elementor-widget-wrap elementor-element-populated\">\n\t\t\t\t\t\t\t\t<div class=\"elementor-element elementor-element-070a4f6 elementor-widget__width-auto elementor-widget-mobile__width-inherit elementor-widget elementor-widget-heading\" data-id=\"070a4f6\" data-element_type=\"widget\" data-settings=\"{&quot;avante_ext_is_scrollme&quot;:&quot;false&quot;,&quot;avante_ext_is_parallax_mouse&quot;:&quot;false&quot;,&quot;avante_ext_is_infinite&quot;:&quot;false&quot;,&quot;avante_ext_link_sidemenu&quot;:&quot;false&quot;}\" data-widget_type=\"heading.default\">\n\t\t\t\t<div class=\"elementor-widget-container\">\n\t\t\t<h1 class=\"elementor-heading-title elementor-size-default\">Gazdan Ar\u0131nd\u0131rma Servisi<\/h1>\t\t<\/div>\n\t\t\t\t<\/div>\n\t\t\t\t<div class=\"elementor-element elementor-element-9fba590 elementor-widget elementor-widget-text-editor\" data-id=\"9fba590\" data-element_type=\"widget\" data-settings=\"{&quot;avante_ext_is_scrollme&quot;:&quot;false&quot;,&quot;avante_ext_is_parallax_mouse&quot;:&quot;false&quot;,&quot;avante_ext_is_infinite&quot;:&quot;false&quot;,&quot;avante_ext_link_sidemenu&quot;:&quot;false&quot;}\" data-widget_type=\"text-editor.default\">\n\t\t\t\t<div class=\"elementor-widget-container\">\n\t\t\t<style>\/*! elementor - v3.6.0 - 21-03-2022 *\/\n.elementor-widget-text-editor.elementor-drop-cap-view-stacked .elementor-drop-cap{background-color:#818a91;color:#fff}.elementor-widget-text-editor.elementor-drop-cap-view-framed .elementor-drop-cap{color:#818a91;border:3px solid;background-color:transparent}.elementor-widget-text-editor:not(.elementor-drop-cap-view-default) .elementor-drop-cap{margin-top:8px}.elementor-widget-text-editor:not(.elementor-drop-cap-view-default) .elementor-drop-cap-letter{width:1em;height:1em}.elementor-widget-text-editor .elementor-drop-cap{float:left;text-align:center;line-height:1;font-size:50px}.elementor-widget-text-editor .elementor-drop-cap-letter{display:inline-block}<\/style>\t\t\t\t<p><img decoding=\"async\" class=\"alignleft wp-image-8443 size-medium\" src=\"https:\/\/gasfree.com.tr\/wp-content\/uploads\/2023\/12\/Gazdan-Arindirma-Servisi-300x200.webp\" alt=\"Gazdan Ar\u0131nd\u0131rma Servisi\" width=\"300\" height=\"200\" srcset=\"https:\/\/gasfree.com.tr\/wp-content\/uploads\/2023\/12\/Gazdan-Arindirma-Servisi-300x200.webp 300w, https:\/\/gasfree.com.tr\/wp-content\/uploads\/2023\/12\/Gazdan-Arindirma-Servisi-440x293.webp 440w, https:\/\/gasfree.com.tr\/wp-content\/uploads\/2023\/12\/Gazdan-Arindirma-Servisi.webp 600w\" sizes=\"(max-width: 300px) 100vw, 300px\" \/><strong>Gazdan ar\u0131nd\u0131rma servisi<\/strong> t\u00fcm gemiler i\u00e7in ortak \u015fekilde yap\u0131lan bir s\u00fcre\u00e7 olarak \u00f6ne \u00e7\u0131kmaktad\u0131r. \u00d6zellikle sa\u011fl\u0131kl\u0131 ve g\u00fcvenli \u015fekilde ta\u015f\u0131mac\u0131l\u0131k i\u015fleminin yap\u0131labilmesi ad\u0131na ele al\u0131nmaktad\u0131r. Bu durum gemilerde y\u00fck\u00fcn bo\u015falt\u0131lmas\u0131 ile birlikte ger\u00e7ekle\u015fmektedir. Burada gaz ve hava kar\u0131\u015f\u0131m\u0131n\u0131n bo\u015falt\u0131lmas\u0131, temizlenmesi ve ar\u0131nd\u0131r\u0131lma i\u015flemi yap\u0131lmaktad\u0131r.<\/p><p>\u00d6zellikle ya\u015fanabilecek olas\u0131 patlama veya zehirlenme gibi durumlar\u0131n \u00f6n\u00fcne ge\u00e7mek i\u00e7in ger\u00e7ekle\u015fmektedir. Tabii <strong>gazdan ar\u0131nd\u0131rma servisi<\/strong> i\u015fleminin profesyonel s\u00fcreci alt\u0131nda yap\u0131lmas\u0131 b\u00fcy\u00fck \u00f6nem ta\u015f\u0131maktad\u0131r.<\/p><p>O y\u00fczden bunun sa\u011flanabilmesi i\u00e7in site \u00fczerinden ba\u011flant\u0131 kurulmas\u0131 yeterli olmaktad\u0131r. Alan\u0131nda deneyim elde etmi\u015f olan uzmanlar s\u00fcreci en iyi \u015fekilde y\u00f6netmekte ve sa\u011fl\u0131kl\u0131 bir alan olu\u015fturmaktad\u0131r.<\/p><p><strong>Gazdan Ar\u0131nd\u0131rma Servis Hizmeti<\/strong><\/p><p>Akaryak\u0131t buharlar\u0131 alt\u0131nda ar\u0131nd\u0131rma \u00e7al\u0131\u015fmas\u0131 kapsam\u0131nda g\u00fcn\u00fcm\u00fczde <strong>gazdan ar\u0131nd\u0131rma servisi<\/strong> \u00f6ne \u00e7\u0131kmaktad\u0131r. Bilindi\u011fi \u00fczere gemiler s\u00fcrekli olarak uluslararas\u0131 sularda ta\u015f\u0131ma i\u015flemi ger\u00e7ekle\u015fmektedir. Ancak mallar\u0131n kald\u0131r\u0131lmas\u0131 ile beraber gaz ve havan\u0131n birikimi bu noktada ciddi sorunlar ortaya \u00e7\u0131karmaktad\u0131r.<\/p><p>Yani tank\u0131n bo\u015falmas\u0131 ile beraber meydana gelen gaz hava s\u0131k\u0131\u015fmas\u0131 ciddi sorunlar meydana getirmektedir. \u00d6zellikle patlama veya zehirlenme gibi sorunlar s\u00f6z konusu olmaktad\u0131r. Bu konuda a\u015famal\u0131 olarak \u00f6zel \u00e7al\u0131\u015fmalar do\u011frultusunda gazdan ar\u0131nd\u0131rma i\u015flemi ger\u00e7ekle\u015fmektedir. Ayn\u0131 zamanda bu i\u015flem havaland\u0131rma olarak da \u00f6n plana \u00e7\u0131kmaktad\u0131r. Konusunda tecr\u00fcbe sahibi uzmanlar e\u015fli\u011finde bu i\u015flem sa\u011flanmaktad\u0131r.<\/p><p><strong>Gazdan Ar\u0131nd\u0131rma \u0130\u015flemi<\/strong><\/p><p><img decoding=\"async\" class=\"alignleft wp-image-8442 size-medium\" src=\"https:\/\/gasfree.com.tr\/wp-content\/uploads\/2023\/12\/Gazdan-Arindirma-Servisi-2-300x200.webp\" alt=\"Gazdan Ar\u0131nd\u0131rma Servisi\" width=\"300\" height=\"200\" srcset=\"https:\/\/gasfree.com.tr\/wp-content\/uploads\/2023\/12\/Gazdan-Arindirma-Servisi-2-300x200.webp 300w, https:\/\/gasfree.com.tr\/wp-content\/uploads\/2023\/12\/Gazdan-Arindirma-Servisi-2-440x293.webp 440w, https:\/\/gasfree.com.tr\/wp-content\/uploads\/2023\/12\/Gazdan-Arindirma-Servisi-2.webp 600w\" sizes=\"(max-width: 300px) 100vw, 300px\" \/>Akaryak\u0131t buharlar\u0131 ve hava kar\u0131\u015f\u0131m\u0131 ale\u00e7 bo\u015flu\u011fu i\u00e7erisinde ortaya \u00e7\u0131kmaktad\u0131r. Bu durum \u00f6zellikle tanklar i\u00e7erisinde mallar\u0131n ta\u015f\u0131nmas\u0131 esnas\u0131nda s\u00f6z konusu olmaktad\u0131r. Bu unsur ayn\u0131 zamanda zengin kar\u0131\u015f\u0131m olarak da ifade edilmektedir. Tanktaki y\u00fck\u00fcn bo\u015falmas\u0131 ile beraber buharla\u015fma ile birlikte kar\u0131\u015f\u0131m meydana gelmektedir.<\/p><p>Bu mallar\u0131n yerine hava girmesi e\u015fli\u011finde b\u00fcy\u00fck bir hava ile gaz kar\u0131\u015f\u0131m\u0131n\u0131n etkisi meydana gelmektedir. B\u00f6ylece bu alan\u0131 temizlenmesi art\u0131k hayati bir unsur olarak \u00f6ne \u00e7\u0131kmaktad\u0131r. \u00c7\u00fcnk\u00fc gazdan ar\u0131nd\u0131rma i\u015flemi yap\u0131lmaz ise patlama veya zehirlenme gibi durumlar s\u00f6z konusu olmaktad\u0131r.<\/p><p><strong>G\u00fcvenilir Gazdan Ar\u0131nd\u0131rma Servisi<\/strong><\/p><p>B\u00fct\u00fcn farkl\u0131 y\u00fck gemileri ad\u0131na ortak \u015fekilde en iyi <strong>gazdan ar\u0131nd\u0131rma servisi<\/strong> sunulmaktad\u0131r. Hava gaz kar\u0131\u015f\u0131m\u0131n\u0131n tamamen ar\u0131nd\u0131r\u0131lmas\u0131 ve sa\u011fl\u0131kl\u0131 bir alan olu\u015fturulmas\u0131 i\u00e7in profesyonel destek sunulmaktad\u0131r. \u00d6zellikle de alan\u0131nda uzmanlar tam donan\u0131m ve ekipman kapsam\u0131nda a\u015famal\u0131 bir s\u00fcre\u00e7 alt\u0131nda i\u015flemi sa\u011flamaktad\u0131r.<\/p><p>B\u00f6ylece mallar\u0131n gemide tanklardan al\u0131nd\u0131ktan sonra sa\u011fl\u0131kl\u0131 bi\u00e7imde yeniden y\u00fckleme i\u015flemi yap\u0131lmaktad\u0131r. Bunu sa\u011flayabilmek i\u00e7in ise site dahilinde ileti\u015fim kurmak yeterli olmaktad\u0131r. K\u0131sa s\u00fcre i\u00e7erisinde uzmanlar b\u00f6lgeye gelerek, gerekli olan s\u00fcreci y\u00f6netmektedir. B\u00f6ylece hava ve gaz kar\u0131\u015f\u0131m\u0131 tamamen ar\u0131nd\u0131r\u0131larak sa\u011fl\u0131kl\u0131 bir y\u00fckleme olana\u011f\u0131 verilmektedir.<\/p><p>\u00a0<\/p>\t\t\t\t\t\t<\/div>\n\t\t\t\t<\/div>\n\t\t\t\t\t<\/div>\n\t\t<\/div>\n\t\t\t\t\t\t\t<\/div>\n\t\t<\/section>\n\t\t\t\t\t\t\t<\/div>\n\t\t","protected":false},"excerpt":{"rendered":"<p>Gazdan Ar\u0131nd\u0131rma Servisi Sekt\u00f6rlerimiz Gemi Tamir ve Bak\u0131m\u0131 Gas Free Tank Temizli\u011fi Raspa ve Boya Uygulamalar\u0131 Gazdan Ar\u0131nd\u0131rma Servisi Gasfree \u00d6l\u00e7\u00fcm Raporu D\u00fc\u015f\u00fck \/ Y\u00fcksek Bas\u0131n\u00e7l\u0131 Y\u0131kama Gazdan Ar\u0131nd\u0131rma Servisi Gazdan ar\u0131nd\u0131rma servisi t\u00fcm gemiler i\u00e7in ortak \u015fekilde yap\u0131lan bir [&hellip;]<\/p>\n","protected":false},"author":1,"featured_media":0,"parent":0,"menu_order":0,"comment_status":"closed","ping_status":"closed","template":"","meta":{"_monsterinsights_skip_tracking":false,"_monsterinsights_sitenote_active":false,"_monsterinsights_sitenote_note":"","_monsterinsights_sitenote_category":0,"footnotes":""},"class_list":["post-8332","page","type-page","status-publish","hentry"],"aioseo_notices":[],"_links":{"self":[{"href":"https:\/\/gasfree.com.tr\/tr\/wp-json\/wp\/v2\/pages\/8332","targetHints":{"allow":["GET"]}}],"collection":[{"href":"https:\/\/gasfree.com.tr\/tr\/wp-json\/wp\/v2\/pages"}],"about":[{"href":"https:\/\/gasfree.com.tr\/tr\/wp-json\/wp\/v2\/types\/page"}],"author":[{"embeddable":true,"href":"https:\/\/gasfree.com.tr\/tr\/wp-json\/wp\/v2\/users\/1"}],"replies":[{"embeddable":true,"href":"https:\/\/gasfree.com.tr\/tr\/wp-json\/wp\/v2\/comments?post=8332"}],"version-history":[{"count":0,"href":"https:\/\/gasfree.com.tr\/tr\/wp-json\/wp\/v2\/pages\/8332\/revisions"}],"wp:attachment":[{"href":"https:\/\/gasfree.com.tr\/tr\/wp-json\/wp\/v2\/media?parent=8332"}],"curies":[{"name":"wp","href":"https:\/\/api.w.org\/{rel}","templated":true}]}}