{"id":3379,"date":"2019-10-23T08:39:12","date_gmt":"2019-10-23T08:39:12","guid":{"rendered":"https:\/\/themes.themegoods.com\/avante\/?page_id=3379"},"modified":"2023-12-09T21:31:12","modified_gmt":"2023-12-09T21:31:12","slug":"blog","status":"publish","type":"page","link":"https:\/\/gasfree.com.tr\/tr\/blog\/","title":{"rendered":"Blog"},"content":{"rendered":"\t\t<div data-elementor-type=\"wp-page\" data-elementor-id=\"3379\" class=\"elementor elementor-3379\">\n\t\t\t\t\t\t\t\t\t<section class=\"elementor-section elementor-top-section elementor-element elementor-element-72749f4 elementor-section-stretched elementor-section-height-min-height elementor-section-boxed elementor-section-height-default elementor-section-items-middle\" data-id=\"72749f4\" data-element_type=\"section\" data-settings=\"{&quot;stretch_section&quot;:&quot;section-stretched&quot;,&quot;background_background&quot;:&quot;classic&quot;,&quot;shape_divider_bottom&quot;:&quot;arrow&quot;}\">\n\t\t\t\t\t\t\t<div class=\"elementor-background-overlay\"><\/div>\n\t\t\t\t\t\t<div class=\"elementor-shape elementor-shape-bottom\" data-negative=\"false\">\n\t\t\t<svg xmlns=\"http:\/\/www.w3.org\/2000\/svg\" viewBox=\"0 0 700 10\" preserveAspectRatio=\"none\">\n\t<path class=\"elementor-shape-fill\" d=\"M350,10L340,0h20L350,10z\"\/>\n<\/svg>\t\t<\/div>\n\t\t\t\t\t<div class=\"elementor-container elementor-column-gap-default\">\n\t\t\t\t\t<div class=\"elementor-column elementor-col-50 elementor-top-column elementor-element elementor-element-a6d5541\" data-id=\"a6d5541\" data-element_type=\"column\" data-settings=\"{&quot;avante_ext_is_scrollme&quot;:&quot;false&quot;,&quot;avante_ext_is_smoove&quot;:&quot;false&quot;,&quot;avante_ext_is_parallax_mouse&quot;:&quot;false&quot;,&quot;avante_ext_is_infinite&quot;:&quot;false&quot;,&quot;avante_ext_link_sidemenu&quot;:&quot;false&quot;}\">\n\t\t\t<div class=\"elementor-widget-wrap elementor-element-populated\">\n\t\t\t\t\t\t\t\t<div class=\"elementor-element elementor-element-62879f6 elementor-widget elementor-widget-spacer\" data-id=\"62879f6\" data-element_type=\"widget\" data-settings=\"{&quot;avante_ext_is_scrollme&quot;:&quot;false&quot;,&quot;avante_ext_is_smoove&quot;:&quot;false&quot;,&quot;avante_ext_is_parallax_mouse&quot;:&quot;false&quot;,&quot;avante_ext_is_infinite&quot;:&quot;false&quot;,&quot;avante_ext_link_sidemenu&quot;:&quot;false&quot;}\" data-widget_type=\"spacer.default\">\n\t\t\t\t<div class=\"elementor-widget-container\">\n\t\t\t<style>\/*! elementor - v3.6.0 - 21-03-2022 *\/\n.e-container.e-container--row .elementor-spacer-inner{width:var(--spacer-size)}.e-container.e-container--column .elementor-spacer-inner,.elementor-column .elementor-spacer-inner{height:var(--spacer-size)}<\/style>\t\t<div class=\"elementor-spacer\">\n\t\t\t<div class=\"elementor-spacer-inner\"><\/div>\n\t\t<\/div>\n\t\t\t\t<\/div>\n\t\t\t\t<\/div>\n\t\t\t\t<div class=\"elementor-element elementor-element-b0b706e elementor-widget__width-auto elementor-widget-mobile__width-inherit elementor-widget elementor-widget-heading\" data-id=\"b0b706e\" data-element_type=\"widget\" data-settings=\"{&quot;avante_ext_is_smoove&quot;:&quot;true&quot;,&quot;avante_ext_smoove_disable&quot;:&quot;769&quot;,&quot;avante_ext_smoove_duration&quot;:1000,&quot;avante_ext_smoove_rotatex&quot;:{&quot;unit&quot;:&quot;px&quot;,&quot;size&quot;:-90,&quot;sizes&quot;:[]},&quot;avante_ext_smoove_translatey&quot;:{&quot;unit&quot;:&quot;px&quot;,&quot;size&quot;:40,&quot;sizes&quot;:[]},&quot;avante_ext_smoove_translatez&quot;:{&quot;unit&quot;:&quot;px&quot;,&quot;size&quot;:-140,&quot;sizes&quot;:[]},&quot;avante_ext_is_scrollme&quot;:&quot;false&quot;,&quot;avante_ext_smoove_scalex&quot;:{&quot;unit&quot;:&quot;px&quot;,&quot;size&quot;:1,&quot;sizes&quot;:[]},&quot;avante_ext_smoove_scaley&quot;:{&quot;unit&quot;:&quot;px&quot;,&quot;size&quot;:1,&quot;sizes&quot;:[]},&quot;avante_ext_smoove_rotatey&quot;:{&quot;unit&quot;:&quot;px&quot;,&quot;size&quot;:0,&quot;sizes&quot;:[]},&quot;avante_ext_smoove_rotatez&quot;:{&quot;unit&quot;:&quot;px&quot;,&quot;size&quot;:0,&quot;sizes&quot;:[]},&quot;avante_ext_smoove_translatex&quot;:{&quot;unit&quot;:&quot;px&quot;,&quot;size&quot;:0,&quot;sizes&quot;:[]},&quot;avante_ext_smoove_skewx&quot;:{&quot;unit&quot;:&quot;px&quot;,&quot;size&quot;:0,&quot;sizes&quot;:[]},&quot;avante_ext_smoove_skewy&quot;:{&quot;unit&quot;:&quot;px&quot;,&quot;size&quot;:0,&quot;sizes&quot;:[]},&quot;avante_ext_smoove_perspective&quot;:{&quot;unit&quot;:&quot;px&quot;,&quot;size&quot;:1000,&quot;sizes&quot;:[]},&quot;avante_ext_is_parallax_mouse&quot;:&quot;false&quot;,&quot;avante_ext_is_infinite&quot;:&quot;false&quot;,&quot;avante_ext_link_sidemenu&quot;:&quot;false&quot;}\" data-widget_type=\"heading.default\">\n\t\t\t\t<div class=\"elementor-widget-container\">\n\t\t\t<style>\/*! elementor - v3.6.0 - 21-03-2022 *\/\n.elementor-heading-title{padding:0;margin:0;line-height:1}.elementor-widget-heading .elementor-heading-title[class*=elementor-size-]>a{color:inherit;font-size:inherit;line-height:inherit}.elementor-widget-heading .elementor-heading-title.elementor-size-small{font-size:15px}.elementor-widget-heading .elementor-heading-title.elementor-size-medium{font-size:19px}.elementor-widget-heading .elementor-heading-title.elementor-size-large{font-size:29px}.elementor-widget-heading .elementor-heading-title.elementor-size-xl{font-size:39px}.elementor-widget-heading .elementor-heading-title.elementor-size-xxl{font-size:59px}<\/style><h1 class=\"elementor-heading-title elementor-size-default\">Haberler<\/h1>\t\t<\/div>\n\t\t\t\t<\/div>\n\t\t\t\t\t<\/div>\n\t\t<\/div>\n\t\t\t\t<div class=\"elementor-column elementor-col-50 elementor-top-column elementor-element elementor-element-2bfc6df\" data-id=\"2bfc6df\" data-element_type=\"column\" data-settings=\"{&quot;avante_ext_is_scrollme&quot;:&quot;false&quot;,&quot;avante_ext_is_smoove&quot;:&quot;false&quot;,&quot;avante_ext_is_parallax_mouse&quot;:&quot;false&quot;,&quot;avante_ext_is_infinite&quot;:&quot;false&quot;,&quot;avante_ext_link_sidemenu&quot;:&quot;false&quot;}\">\n\t\t\t<div class=\"elementor-widget-wrap\">\n\t\t\t\t\t\t\t\t\t<\/div>\n\t\t<\/div>\n\t\t\t\t\t\t\t<\/div>\n\t\t<\/section>\n\t\t\t\t<section class=\"elementor-section elementor-top-section elementor-element elementor-element-3aa1fcf elementor-section-full_width elementor-section-height-default elementor-section-height-default\" data-id=\"3aa1fcf\" data-element_type=\"section\">\n\t\t\t\t\t\t<div class=\"elementor-container elementor-column-gap-default\">\n\t\t\t\t\t<div class=\"elementor-column elementor-col-100 elementor-top-column elementor-element elementor-element-446fc81\" data-id=\"446fc81\" data-element_type=\"column\" data-settings=\"{&quot;avante_ext_is_scrollme&quot;:&quot;false&quot;,&quot;avante_ext_is_smoove&quot;:&quot;false&quot;,&quot;avante_ext_is_parallax_mouse&quot;:&quot;false&quot;,&quot;avante_ext_is_infinite&quot;:&quot;false&quot;,&quot;avante_ext_link_sidemenu&quot;:&quot;false&quot;}\">\n\t\t\t<div class=\"elementor-widget-wrap elementor-element-populated\">\n\t\t\t\t\t\t\t\t<div class=\"elementor-element elementor-element-1d08e4c elementor-widget elementor-widget-avante-blog-posts\" data-id=\"1d08e4c\" data-element_type=\"widget\" data-settings=\"{&quot;avante_ext_is_scrollme&quot;:&quot;false&quot;,&quot;avante_ext_is_smoove&quot;:&quot;false&quot;,&quot;avante_ext_is_parallax_mouse&quot;:&quot;false&quot;,&quot;avante_ext_is_infinite&quot;:&quot;false&quot;,&quot;avante_ext_link_sidemenu&quot;:&quot;false&quot;}\" data-widget_type=\"avante-blog-posts.default\">\n\t\t\t\t<div class=\"elementor-widget-container\">\n\t\t\t<div class=\"blog-post-content-wrapper layout-grid\">\n<!-- Begin each blog post -->\n<div class=\"blog-posts-grid post-10119 post type-post status-publish format-standard has-post-thumbnail hentry category-haberler\">\n\t\n\t\t<div class=\"post-wrapper smoove disable_tablet\" data-move-y=\"450px\" data-rotate-x=\"24deg\" data-delay=\"100\" data-minwidth=\"769\" data-offset=\"-30%\">\n\t\t\n\t\t\t\t    <div class=\"post-featured-image static\">\n\t\t\t    \t\t\t    <div class=\"post-featured-image-hover \">\n\t\t\t     \t\t\t\t\t     <img decoding=\"async\"  src=\"https:\/\/gasfree.com.tr\/wp-content\/uploads\/2024\/03\/7e33629e-f6c9-4471-8a77-04997706b83e-qizxu72e4kcndpud0j4jiba77x5rxau9xko8wb5vo0-960x550.jpg\" class=\" smoove disable_tablet\" alt=\"\"\/>\n\t\t\t\t     \t\t\t     \t\t\t\t     \t<a href=\"https:\/\/gasfree.com.tr\/tr\/gemilerde-gas-free-islemi-nasil-yapilir\/\"><\/a>\n\t\t\t    <\/div>\n\t\t    <\/div>\n\t\t\t    \n\t    <div class=\"post-content-wrapper text-\">\n\t\t    \n\t\t    <div class=\"post-header\">\n\t\t\t    \t\t\t    <div class=\"post-detail single-post\">\n\t\t\t\t    \n\t\t\t    \t<span class=\"post-info-cat\">\n\t\t\t\t\t\t\t\t\t\t\t\t      \t<a href=\"https:\/\/gasfree.com.tr\/tr\/category\/haberler\/\">Haberler<\/a>\n\t\t\t\t\t\t\t\t\t    \t<\/span>\n\t\t\t \t<\/div>\n\t\t\t \t\t\t\t\t<div class=\"post-header-title\">\n\t\t\t\t    <h5><a href=\"https:\/\/gasfree.com.tr\/tr\/gemilerde-gas-free-islemi-nasil-yapilir\/\" title=\"Gemilerde Gas Free \u0130\u015flemi Nas\u0131l Yap\u0131l\u0131r?\">Gemilerde Gas Free \u0130\u015flemi Nas\u0131l Yap\u0131l\u0131r?<\/a><\/h5>\n\t\t\t\t<\/div>\n\t\t\t<\/div>\n\t    \n\t\t\t<div class=\"post-header-wrapper\">\n\t\t\t\t<p>Gemilerde gazs\u0131zla\u015ft\u0131rma i\u015flemi, kargo tanklar\u0131n\u0131n %85-%90 aras\u0131 y\u00fck...<\/p>\t\t\t    <div class=\"post-button-wrapper\">\n\t\t\t\t    <a class=\"continue-reading\" href=\"https:\/\/gasfree.com.tr\/tr\/gemilerde-gas-free-islemi-nasil-yapilir\/\" title=\"Gemilerde Gas Free \u0130\u015flemi Nas\u0131l Yap\u0131l\u0131r?\">Continue Reading<span><\/span><\/a>\n\t\t\t\t    \n\t\t\t\t    \t\t\t    <\/div>\n\t\t\t    <br class=\"clear\"\/>\n\t\t\t<\/div>\n\t    <\/div>\n\t    \n\t<\/div>\n\n<\/div>\n<!-- End each blog post --><!-- Begin each blog post -->\n<div class=\"blog-posts-grid post-1 post type-post status-publish format-standard hentry category-haberler\">\n\t\n\t\t<div class=\"post-wrapper smoove disable_tablet\" data-move-y=\"450px\" data-rotate-x=\"24deg\" data-delay=\"200\" data-minwidth=\"769\" data-offset=\"-30%\">\n\t\t\n\t\t\t    \n\t    <div class=\"post-content-wrapper text-\">\n\t\t    \n\t\t    <div class=\"post-header\">\n\t\t\t    \t\t\t    <div class=\"post-detail single-post\">\n\t\t\t\t    \n\t\t\t    \t<span class=\"post-info-cat\">\n\t\t\t\t\t\t\t\t\t\t\t\t      \t<a href=\"https:\/\/gasfree.com.tr\/tr\/category\/haberler\/\">Haberler<\/a>\n\t\t\t\t\t\t\t\t\t    \t<\/span>\n\t\t\t \t<\/div>\n\t\t\t \t\t\t\t\t<div class=\"post-header-title\">\n\t\t\t\t    <h5><a href=\"https:\/\/gasfree.com.tr\/tr\/web-sitemiz-yenilendi\/\" title=\"Web Sitemiz Yenilendi\">Web Sitemiz Yenilendi<\/a><\/h5>\n\t\t\t\t<\/div>\n\t\t\t<\/div>\n\t    \n\t\t\t<div class=\"post-header-wrapper\">\n\t\t\t\t<p>Sizlere daha iyi hizmet sunabilmek ad\u0131na web sitemizi...<\/p>\t\t\t    <div class=\"post-button-wrapper\">\n\t\t\t\t    <a class=\"continue-reading\" href=\"https:\/\/gasfree.com.tr\/tr\/web-sitemiz-yenilendi\/\" title=\"Web Sitemiz Yenilendi\">Continue Reading<span><\/span><\/a>\n\t\t\t\t    \n\t\t\t\t    \t\t\t    <\/div>\n\t\t\t    <br class=\"clear\"\/>\n\t\t\t<\/div>\n\t    <\/div>\n\t    \n\t<\/div>\n\n<\/div>\n<!-- End each blog post --><\/div>\n<br class=\"clear\"\/>\t\t<\/div>\n\t\t\t\t<\/div>\n\t\t\t\t\t<\/div>\n\t\t<\/div>\n\t\t\t\t\t\t\t<\/div>\n\t\t<\/section>\n\t\t\t\t\t\t\t<\/div>\n\t\t","protected":false},"excerpt":{"rendered":"<p>Haberler Haberler Teklif Al &#8230; T\u00fcm\u00fcn\u00fc G\u00f6r\u00fcnt\u00fcle Haberler Web Sitemiz Yenilendi Sizlere daha iyi hizmet sunabilmek ad\u0131na web sitemizi&#8230; T\u00fcm\u00fcn\u00fc G\u00f6r\u00fcnt\u00fcle<\/p>\n","protected":false},"author":1,"featured_media":0,"parent":0,"menu_order":0,"comment_status":"closed","ping_status":"closed","template":"","meta":{"_monsterinsights_skip_tracking":false,"_monsterinsights_sitenote_active":false,"_monsterinsights_sitenote_note":"","_monsterinsights_sitenote_category":0,"footnotes":""},"class_list":["post-3379","page","type-page","status-publish","hentry"],"aioseo_notices":[],"_links":{"self":[{"href":"https:\/\/gasfree.com.tr\/tr\/wp-json\/wp\/v2\/pages\/3379","targetHints":{"allow":["GET"]}}],"collection":[{"href":"https:\/\/gasfree.com.tr\/tr\/wp-json\/wp\/v2\/pages"}],"about":[{"href":"https:\/\/gasfree.com.tr\/tr\/wp-json\/wp\/v2\/types\/page"}],"author":[{"embeddable":true,"href":"https:\/\/gasfree.com.tr\/tr\/wp-json\/wp\/v2\/users\/1"}],"replies":[{"embeddable":true,"href":"https:\/\/gasfree.com.tr\/tr\/wp-json\/wp\/v2\/comments?post=3379"}],"version-history":[{"count":0,"href":"https:\/\/gasfree.com.tr\/tr\/wp-json\/wp\/v2\/pages\/3379\/revisions"}],"wp:attachment":[{"href":"https:\/\/gasfree.com.tr\/tr\/wp-json\/wp\/v2\/media?parent=3379"}],"curies":[{"name":"wp","href":"https:\/\/api.w.org\/{rel}","templated":true}]}}